{"id":14,"date":"2023-02-10T10:42:30","date_gmt":"2023-02-10T10:42:30","guid":{"rendered":"https:\/\/jacques-andhrel.com\/?page_id=14"},"modified":"2023-05-08T12:03:30","modified_gmt":"2023-05-08T12:03:30","slug":"about-us","status":"publish","type":"page","link":"https:\/\/jacques-andhrel.com\/tr\/about-us\/","title":{"rendered":"Hakk\u0131m\u0131zda"},"content":{"rendered":"<div data-elementor-type=\"wp-page\" data-elementor-id=\"14\" class=\"elementor elementor-14\" data-elementor-post-type=\"page\">\n\t\t\t\t\t\t<section class=\"elementor-section elementor-top-section elementor-element elementor-element-c89e7cf elementor-section-boxed elementor-section-height-default elementor-section-height-default\" data-id=\"c89e7cf\" data-element_type=\"section\" data-settings=\"{&quot;background_background&quot;:&quot;classic&quot;}\">\n\t\t\t\t\t\t<div class=\"elementor-container elementor-column-gap-default\">\n\t\t\t\t\t<div class=\"elementor-column elementor-col-100 elementor-top-column elementor-element elementor-element-ccc443d\" data-id=\"ccc443d\" data-element_type=\"column\">\n\t\t\t<div class=\"elementor-widget-wrap elementor-element-populated\">\n\t\t\t\t\t\t<div class=\"elementor-element elementor-element-04646d7 elementor-widget elementor-widget-spacer\" data-id=\"04646d7\" data-element_type=\"widget\" data-widget_type=\"spacer.default\">\n\t\t\t\t<div class=\"elementor-widget-container\">\n\t\t\t\t\t\t\t<div class=\"elementor-spacer\">\r\n\t\t\t<div class=\"elementor-spacer-inner\"><\/div>\r\n\t\t<\/div>\r\n\t\t\t\t\t\t<\/div>\n\t\t\t\t<\/div>\n\t\t\t\t<div class=\"elementor-element elementor-element-2d7bcfe elementor-widget elementor-widget-image\" data-id=\"2d7bcfe\" data-element_type=\"widget\" data-widget_type=\"image.default\">\n\t\t\t\t<div class=\"elementor-widget-container\">\n\t\t\t\t\t\t\t\t\t\t\t\t\t\t\t<img decoding=\"async\" class=\"lazyload\" src=\"data:image\/gif;base64,R0lGODlhAQABAIAAAAAAAP\/\/\/yH5BAEAAAAALAAAAAABAAEAAAIBRAA7\" data-src=\"https:\/\/jacques-andhrel.com\/wp-content\/uploads\/elementor\/thumbs\/JacquesLogo-on-black-trans-r4d1qk1czqqeu6l7qmoi6cxaq0uj0p4pk9g4plme0u.png\" title=\"JacquesLogo-on-black-trans\" alt=\"Jacques Andhrel skincare\" loading=\"lazy\" \/><noscript><img decoding=\"async\" class=\"lazyload\" src=\"https:\/\/jacques-andhrel.com\/wp-content\/uploads\/elementor\/thumbs\/JacquesLogo-on-black-trans-r4d1qk1czqqeu6l7qmoi6cxaq0uj0p4pk9g4plme0u.png\" title=\"JacquesLogo-on-black-trans\" alt=\"Jacques Andhrel skincare\" loading=\"lazy\" \/><\/noscript>\t\t\t\t\t\t\t\t\t\t\t\t\t\t\t<\/div>\n\t\t\t\t<\/div>\n\t\t\t\t<div class=\"elementor-element elementor-element-d83a4be elementor-widget elementor-widget-spacer\" data-id=\"d83a4be\" data-element_type=\"widget\" data-widget_type=\"spacer.default\">\n\t\t\t\t<div class=\"elementor-widget-container\">\n\t\t\t\t\t\t\t<div class=\"elementor-spacer\">\r\n\t\t\t<div class=\"elementor-spacer-inner\"><\/div>\r\n\t\t<\/div>\r\n\t\t\t\t\t\t<\/div>\n\t\t\t\t<\/div>\n\t\t\t\t\t<\/div>\n\t\t<\/div>\n\t\t\t\t\t<\/div>\n\t\t<\/section>\n\t\t\t\t<section class=\"elementor-section elementor-top-section elementor-element elementor-element-b9eefcf elementor-section-boxed elementor-section-height-default elementor-section-height-default\" data-id=\"b9eefcf\" data-element_type=\"section\">\n\t\t\t\t\t\t<div class=\"elementor-container elementor-column-gap-default\">\n\t\t\t\t\t<div class=\"elementor-column elementor-col-100 elementor-top-column elementor-element elementor-element-796e9dd\" data-id=\"796e9dd\" data-element_type=\"column\">\n\t\t\t<div class=\"elementor-widget-wrap elementor-element-populated\">\n\t\t\t\t\t\t<div class=\"elementor-element elementor-element-31d3c13 elementor-widget elementor-widget-spacer\" data-id=\"31d3c13\" data-element_type=\"widget\" data-widget_type=\"spacer.default\">\n\t\t\t\t<div class=\"elementor-widget-container\">\n\t\t\t\t\t\t\t<div class=\"elementor-spacer\">\r\n\t\t\t<div class=\"elementor-spacer-inner\"><\/div>\r\n\t\t<\/div>\r\n\t\t\t\t\t\t<\/div>\n\t\t\t\t<\/div>\n\t\t\t\t\t<\/div>\n\t\t<\/div>\n\t\t\t\t\t<\/div>\n\t\t<\/section>\n\t\t\t\t<section class=\"elementor-section elementor-top-section elementor-element elementor-element-3fbe5b4 elementor-section-boxed elementor-section-height-default elementor-section-height-default\" data-id=\"3fbe5b4\" data-element_type=\"section\">\n\t\t\t\t\t\t<div class=\"elementor-container elementor-column-gap-default\">\n\t\t\t\t\t<div class=\"elementor-column elementor-col-50 elementor-top-column elementor-element elementor-element-1425e68\" data-id=\"1425e68\" data-element_type=\"column\">\n\t\t\t<div class=\"elementor-widget-wrap elementor-element-populated\">\n\t\t\t\t\t\t<div class=\"elementor-element elementor-element-6c0cb7a elementor-widget elementor-widget-text-editor\" data-id=\"6c0cb7a\" data-element_type=\"widget\" data-widget_type=\"text-editor.default\">\n\t\t\t\t<div class=\"elementor-widget-container\">\n\t\t\t\t\t\t\t\t\t<p>Jacques Andhrel ad\u0131 ilk kez 1960\u2019larda Fransa\u2019n\u0131n merkezi b\u00f6lgelerindeki Chateauroux \u015fehrinde duyulmaya ba\u015flad\u0131. Markan\u0131n muc\u0131d\u0131, o zamanlarda ailevi bir eczanede geleneksel \u015fifa bitkileri kullanarak kozmetik ve hijyen malzemeleri \u00fcretmekle me\u015fguld\u00fc.<br \/>G\u00fcn\u00fcm\u00fczde, Jacques Andhrel laboratuvarlar\u0131 bir\u00e7ok \u00fclkede \u00f6nemli yenilikler, form\u00fclasyon, hijyenik \u00fcr\u00fcnler \u00fcretimine imza atmaktad\u0131r; ve teknik bilgi birikimi, modern form\u00fclasyonlar, teknik personel e\u011fitimi, modern \u00fcretimde yeni stratejiler yaratmak ve bilimsel ve ara\u015ft\u0131rma konferanslar\u0131 d\u00fczenlemekle, aktif bir \u015fekilde \u00e7al\u0131\u015fmaya devam ediyor...<br \/>Bu g\u00fcnlerde d\u00fcnya piyasas\u0131ndaki rekabet her ne kadar g\u00fc\u00e7l\u00fc ve ac\u0131mas\u0131z olsa da, Jacques Andhrel laboratuvarlar\u0131n\u0131n bu konudaki en b\u00fcy\u00fck dayana\u011f\u0131,<br \/>her zaman en tecr\u00fcbeli ve yenilik\u00e7i ara\u015ft\u0131rmac\u0131lar, profes\u00f6rler, \u00f6\u011frenciler ve hijyenik end\u00fcstrisi \u00e7al\u0131\u015fanlar\u0131 ile yak\u0131n i\u015fbirli\u011fi yapmas\u0131d\u0131r. Bu politika, h\u00e2lihaz\u0131rda Dr.Akram Fazel'in denetiminde ve d\u00fcnyaca \u00fcnl\u00fc tecr\u00fcbeli uzman David LAM (Kanadal\u0131 teknolojik, ara\u015ft\u0131rma ve imalat uzman\u0131) gibi isimler taraf\u0131ndan y\u00f6netilmektedir.<\/p>\t\t\t\t\t\t\t\t<\/div>\n\t\t\t\t<\/div>\n\t\t\t\t\t<\/div>\n\t\t<\/div>\n\t\t\t\t<div class=\"elementor-column elementor-col-50 elementor-top-column elementor-element elementor-element-cd411b1\" data-id=\"cd411b1\" data-element_type=\"column\">\n\t\t\t<div class=\"elementor-widget-wrap elementor-element-populated\">\n\t\t\t\t\t\t<div class=\"elementor-element elementor-element-9e0f1d9 elementor-widget elementor-widget-text-editor\" data-id=\"9e0f1d9\" data-element_type=\"widget\" data-widget_type=\"text-editor.default\">\n\t\t\t\t<div class=\"elementor-widget-container\">\n\t\t\t\t\t\t\t\t\t<p style=\"font-size: 16px;\">Bu b\u00f6l\u00fcmlerdeki di\u011fer meslekta\u015flar\u0131m\u0131zdan biri, \u00fcnl\u00fc Farmakolog, Jean Andr\u00e9 Brin\u2019sir. Brin farmakoloji sertifikas\u0131n\u0131 Fransa\u2019n\u0131n Chatenay Malabry \u00dcniversitesi\u2019nden alm\u0131\u015f, \u00fcst\u00fcn r\u00fctbeli ve ara\u015ft\u0131rma ve \u00f6\u011fretmenli\u011fin yan\u0131 s\u0131ra birka\u00e7 y\u0131l s\u00fcren \u2018Soci\u00e9t\u00e9 Fran\u00e7aise de Cosm\u00e9tologie\u2019 derne\u011finin ba\u015fkanl\u0131\u011f\u0131na yapm\u0131\u015f. Bir di\u011fer isim ise, akademik ara\u015ft\u0131rma toplulu\u011funda aktif bir bilimsel dan\u0131\u015fman olan, Dr. Thierry RODITIS\u2019dir.<br \/>Dr. Akram Fazel, Jacques Andhrel laboratuvar\u0131nda bilimsel ara\u015ft\u0131rma, form\u00fclasyon ve yenilik sekt\u00f6r\u00fcn\u00fcn y\u00f6netiminde g\u00f6rev yapmakta ve ABD\u2019nin NewYork Eyalet \u00dcniversitesi'nden, mikrobiyoloji ve genetik biyokimya alan\u0131nda P.HD derecesine sahip olmakla birlikte, kariyeri boyunca a\u015fa\u011f\u0131daki sorumluluklar\u0131da \u00fcstelenmi\u015ftir:<\/p><ul><li>L\u2019Or\u00e9al Fransa\u2019da hijyenik, kozmetik ve bilimsel ara\u015ft\u0131rmalar b\u00f6l\u00fcm\u00fc m\u00fcd\u00fcrl\u00fc\u011f\u00fc<\/li><li>Lanc\u00f4me, Helena Rubinstein ve Maybelline gibi dev markalar\u0131n, hijyen ve bilimsel strateji ve ara\u015ft\u0131rma b\u00f6l\u00fcm\u00fc m\u00fcd\u00fcrl\u00fc\u011f\u00fc<\/li><li>Norm merkezlerinde, Avrupa ve Japonya standartlar\u0131yla ara\u015ft\u0131rma ve bilimsel belgelerin koordinasyonunun y\u00f6netimi<\/li><li>Fransa'daki Danon \u015firketinin, g\u0131da ara\u015ft\u0131rmalar\u0131 b\u00f6l\u00fcm\u00fc genel y\u00f6netimi<\/li><li>Fransa\u2019daki Pastor Enstit\u00fcs\u00fcnde bilimsel Ara\u015ft\u0131rmac\u0131<\/li><\/ul>\t\t\t\t\t\t\t\t<\/div>\n\t\t\t\t<\/div>\n\t\t\t\t\t<\/div>\n\t\t<\/div>\n\t\t\t\t\t<\/div>\n\t\t<\/section>\n\t\t\t\t<section class=\"elementor-section elementor-top-section elementor-element elementor-element-3cc2673 elementor-section-boxed elementor-section-height-default elementor-section-height-default\" data-id=\"3cc2673\" data-element_type=\"section\">\n\t\t\t\t\t\t<div class=\"elementor-container elementor-column-gap-default\">\n\t\t\t\t\t<div class=\"elementor-column elementor-col-100 elementor-top-column elementor-element elementor-element-5d592c9\" data-id=\"5d592c9\" data-element_type=\"column\">\n\t\t\t<div class=\"elementor-widget-wrap elementor-element-populated\">\n\t\t\t\t\t\t<div class=\"elementor-element elementor-element-ddaecbb elementor-widget elementor-widget-spacer\" data-id=\"ddaecbb\" data-element_type=\"widget\" data-widget_type=\"spacer.default\">\n\t\t\t\t<div class=\"elementor-widget-container\">\n\t\t\t\t\t\t\t<div class=\"elementor-spacer\">\r\n\t\t\t<div class=\"elementor-spacer-inner\"><\/div>\r\n\t\t<\/div>\r\n\t\t\t\t\t\t<\/div>\n\t\t\t\t<\/div>\n\t\t\t\t\t<\/div>\n\t\t<\/div>\n\t\t\t\t\t<\/div>\n\t\t<\/section>\n\t\t\t\t<\/div>","protected":false},"excerpt":{"rendered":"<p>A brief history of Jacques Andhrel of Paris,Jacques Andhrel\u2019s name first received public attention in the 1960s in Chateauroux in central regions [&hellip;]<\/p>","protected":false},"author":1,"featured_media":0,"parent":0,"menu_order":0,"comment_status":"closed","ping_status":"closed","template":"","meta":{"footnotes":""},"class_list":["post-14","page","type-page","status-publish","hentry"],"jetpack_sharing_enabled":true,"_links":{"self":[{"href":"https:\/\/jacques-andhrel.com\/tr\/wp-json\/wp\/v2\/pages\/14","targetHints":{"allow":["GET"]}}],"collection":[{"href":"https:\/\/jacques-andhrel.com\/tr\/wp-json\/wp\/v2\/pages"}],"about":[{"href":"https:\/\/jacques-andhrel.com\/tr\/wp-json\/wp\/v2\/types\/page"}],"author":[{"embeddable":true,"href":"https:\/\/jacques-andhrel.com\/tr\/wp-json\/wp\/v2\/users\/1"}],"replies":[{"embeddable":true,"href":"https:\/\/jacques-andhrel.com\/tr\/wp-json\/wp\/v2\/comments?post=14"}],"version-history":[{"count":0,"href":"https:\/\/jacques-andhrel.com\/tr\/wp-json\/wp\/v2\/pages\/14\/revisions"}],"wp:attachment":[{"href":"https:\/\/jacques-andhrel.com\/tr\/wp-json\/wp\/v2\/media?parent=14"}],"curies":[{"name":"wp","href":"https:\/\/api.w.org\/{rel}","templated":true}]}}