{"id":667,"date":"2023-02-13T08:23:22","date_gmt":"2023-02-13T08:23:22","guid":{"rendered":"https:\/\/jacques-andhrel.com\/?page_id=667"},"modified":"2023-02-22T12:29:02","modified_gmt":"2023-02-22T12:29:02","slug":"home","status":"publish","type":"page","link":"https:\/\/jacques-andhrel.com\/fr\/home\/","title":{"rendered":"home"},"content":{"rendered":"<div data-elementor-type=\"wp-page\" data-elementor-id=\"667\" class=\"elementor elementor-667\" data-elementor-post-type=\"page\">\n\t\t\t\t\t\t<section class=\"elementor-section elementor-top-section elementor-element elementor-element-21a1b3f elementor-section-full_width elementor-section-height-default elementor-section-height-default\" data-id=\"21a1b3f\" data-element_type=\"section\">\n\t\t\t\t\t\t<div class=\"elementor-container elementor-column-gap-no\">\n\t\t\t\t\t<div class=\"elementor-column elementor-col-100 elementor-top-column elementor-element elementor-element-5f0f17e\" data-id=\"5f0f17e\" data-element_type=\"column\">\n\t\t\t<div class=\"elementor-widget-wrap elementor-element-populated\">\n\t\t\t\t\t\t\t<\/div>\n\t\t<\/div>\n\t\t\t\t\t<\/div>\n\t\t<\/section>\n\t\t\t\t<section class=\"elementor-section elementor-top-section elementor-element elementor-element-398f30d elementor-section-boxed elementor-section-height-default elementor-section-height-default\" data-id=\"398f30d\" data-element_type=\"section\">\n\t\t\t\t\t\t<div class=\"elementor-container elementor-column-gap-default\">\n\t\t\t\t\t<div class=\"elementor-column elementor-col-100 elementor-top-column elementor-element elementor-element-bd4461f\" data-id=\"bd4461f\" data-element_type=\"column\">\n\t\t\t<div class=\"elementor-widget-wrap elementor-element-populated\">\n\t\t\t\t\t\t<div class=\"elementor-element elementor-element-cef3703 elementor-widget elementor-widget-spacer\" data-id=\"cef3703\" data-element_type=\"widget\" data-widget_type=\"spacer.default\">\n\t\t\t\t<div class=\"elementor-widget-container\">\n\t\t\t\t\t\t\t<div class=\"elementor-spacer\">\r\n\t\t\t<div class=\"elementor-spacer-inner\"><\/div>\r\n\t\t<\/div>\r\n\t\t\t\t\t\t<\/div>\n\t\t\t\t<\/div>\n\t\t\t\t<div class=\"elementor-element elementor-element-5a37b68 elementor-widget elementor-widget-heading\" data-id=\"5a37b68\" data-element_type=\"widget\" data-widget_type=\"heading.default\">\n\t\t\t\t<div class=\"elementor-widget-container\">\n\t\t\t\t\t<h3 class=\"elementor-heading-title elementor-size-default\">\u0628\u0631\u0646\u062f \u0698\u0627\u06a9 \u0622\u0646\u062f\u0631\u0644 \u067e\u0627\u0631\u06cc\u0633\n<\/h3>\t\t\t\t<\/div>\n\t\t\t\t<\/div>\n\t\t\t\t<section class=\"elementor-section elementor-inner-section elementor-element elementor-element-4ba1c89 elementor-section-boxed elementor-section-height-default elementor-section-height-default\" data-id=\"4ba1c89\" data-element_type=\"section\">\n\t\t\t\t\t\t<div class=\"elementor-container elementor-column-gap-default\">\n\t\t\t\t\t<div class=\"elementor-column elementor-col-50 elementor-inner-column elementor-element elementor-element-919ab26\" data-id=\"919ab26\" data-element_type=\"column\">\n\t\t\t<div class=\"elementor-widget-wrap elementor-element-populated\">\n\t\t\t\t\t\t<div class=\"elementor-element elementor-element-756652b elementor-widget elementor-widget-image\" data-id=\"756652b\" data-element_type=\"widget\" data-widget_type=\"image.default\">\n\t\t\t\t<div class=\"elementor-widget-container\">\n\t\t\t\t\t\t\t\t\t\t\t\t\t\t\t<img fetchpriority=\"high\" decoding=\"async\" width=\"1000\" height=\"231\" src=\"data:image\/gif;base64,R0lGODlhAQABAIAAAAAAAP\/\/\/yH5BAEAAAAALAAAAAABAAEAAAIBRAA7\" data-src=\"https:\/\/jacques-andhrel.com\/wp-content\/uploads\/2023\/02\/JacquesLogo-on-black-trans-1024x237.png\" class=\"attachment-large size-large wp-image-134 lazyload\" alt=\"Jacques Andhrel skincare\" data-srcset=\"https:\/\/jacques-andhrel.com\/wp-content\/uploads\/2023\/02\/JacquesLogo-on-black-trans-1024x237.png 1024w, https:\/\/jacques-andhrel.com\/wp-content\/uploads\/2023\/02\/JacquesLogo-on-black-trans-768x178.png 768w, https:\/\/jacques-andhrel.com\/wp-content\/uploads\/2023\/02\/JacquesLogo-on-black-trans-18x4.png 18w, https:\/\/jacques-andhrel.com\/wp-content\/uploads\/2023\/02\/JacquesLogo-on-black-trans-650x151.png 650w, https:\/\/jacques-andhrel.com\/wp-content\/uploads\/2023\/02\/JacquesLogo-on-black-trans-800x185.png 800w, https:\/\/jacques-andhrel.com\/wp-content\/uploads\/2023\/02\/JacquesLogo-on-black-trans.png 1191w\" sizes=\"(max-width: 1000px) 100vw, 1000px\" \/><noscript><img decoding=\"async\" width=\"1000\" height=\"231\" src=\"https:\/\/jacques-andhrel.com\/wp-content\/uploads\/2023\/02\/JacquesLogo-on-black-trans-1024x237.png\" class=\"attachment-large size-large wp-image-134 lazyload\" alt=\"Jacques Andhrel skincare\" srcset=\"https:\/\/jacques-andhrel.com\/wp-content\/uploads\/2023\/02\/JacquesLogo-on-black-trans-1024x237.png 1024w, https:\/\/jacques-andhrel.com\/wp-content\/uploads\/2023\/02\/JacquesLogo-on-black-trans-768x178.png 768w, https:\/\/jacques-andhrel.com\/wp-content\/uploads\/2023\/02\/JacquesLogo-on-black-trans-18x4.png 18w, https:\/\/jacques-andhrel.com\/wp-content\/uploads\/2023\/02\/JacquesLogo-on-black-trans-650x151.png 650w, https:\/\/jacques-andhrel.com\/wp-content\/uploads\/2023\/02\/JacquesLogo-on-black-trans-800x185.png 800w, https:\/\/jacques-andhrel.com\/wp-content\/uploads\/2023\/02\/JacquesLogo-on-black-trans.png 1191w\" sizes=\"(max-width: 1000px) 100vw, 1000px\" \/><\/noscript>\t\t\t\t\t\t\t\t\t\t\t\t\t\t\t<\/div>\n\t\t\t\t<\/div>\n\t\t\t\t<div class=\"elementor-element elementor-element-622c5ad elementor-align-center elementor-widget elementor-widget-button\" data-id=\"622c5ad\" data-element_type=\"widget\" data-widget_type=\"button.default\">\n\t\t\t\t<div class=\"elementor-widget-container\">\n\t\t\t\t\t\t\t\t\t<div class=\"elementor-button-wrapper\">\n\t\t\t\t\t<a class=\"elementor-button elementor-button-link elementor-size-xs\" href=\"#\">\n\t\t\t\t\t\t<span class=\"elementor-button-content-wrapper\">\n\t\t\t\t\t\t\t\t\t<span class=\"elementor-button-text\"> \u062f\u0631\u0628\u0627\u0631\u0647 \u0645\u0627<\/span>\n\t\t\t\t\t<\/span>\n\t\t\t\t\t<\/a>\n\t\t\t\t<\/div>\n\t\t\t\t\t\t\t\t<\/div>\n\t\t\t\t<\/div>\n\t\t\t\t\t<\/div>\n\t\t<\/div>\n\t\t\t\t<div class=\"elementor-column elementor-col-50 elementor-inner-column elementor-element elementor-element-d3000f7\" data-id=\"d3000f7\" data-element_type=\"column\">\n\t\t\t<div class=\"elementor-widget-wrap elementor-element-populated\">\n\t\t\t\t\t\t<div class=\"elementor-element elementor-element-ba29586 elementor-widget elementor-widget-text-editor\" data-id=\"ba29586\" data-element_type=\"widget\" data-widget_type=\"text-editor.default\">\n\t\t\t\t<div class=\"elementor-widget-container\">\n\t\t\t\t\t\t\t\t\t\u0628\u0627 \u0648\u062c\u0648\u062f \u0627\u06cc\u0646\u06a9\u0647 \u062f\u0631 \u062f\u0646\u06cc\u0627\u06cc \u0627\u0645\u0631\u0648\u0632\u060c \u0628\u0627\u0632\u0627\u0631 \u0631\u0642\u0627\u0628\u062a \u062f\u0631 \u0627\u06cc\u0646 \u0639\u0631\u0635\u0647 \u0641\u0648\u0642 \u0627\u0644\u0639\u0627\u062f\u0647 \u0642\u0648\u06cc \u0648 \u0628\u06cc\u0631\u062d\u0645 \u0627\u0633\u062a\u060c \u0628\u0632\u0631\u06af\u062a\u0631\u06cc\u0646 \u0648 \u0627\u0635\u0644\u06cc \u062a\u0631\u06cc\u0646 \u067e\u0634\u062a\u0648\u0627\u0646\u0647 \u0644\u0627\u0628\u0631\u0627\u062a\u0648\u0627\u0631 \u0698\u0627\u06a9 \u0622\u0646\u062f\u0631\u0644 \u0631\u0627 \u0647\u0645\u06a9\u0627\u0631\u06cc \u062a\u0646\u06af\u0627\u062a\u0646\u06af \u0648 \u0647\u0645\u06cc\u0634\u06af\u06cc \u0622\u0646 \u0628\u0627 \u0645\u062d\u0642\u0642\u06cc\u0646\u060c \u067e\u0631\u0648\u0641\u0633\u0648\u0631\u0647\u0627\u060c \u062f\u0627\u0646\u0634\u062c\u0648\u06cc\u0627\u0646 \u0648 \u062f\u0633\u062a \u0627\u0646\u062f\u0631\u06a9\u0627\u0631\u0627\u0646 \u062a\u0648\u0644\u06cc\u062f \u0635\u0646\u0627\u06cc\u0639 \u0628\u0647\u062f\u0627\u0634\u062a\u06cc \u062a\u0634\u06a9\u06cc\u0644 \u0645\u06cc\u200c\u062f\u0647\u062f \u06a9\u0647 \u0627\u06cc\u0646 \u0633\u06cc\u0627\u0633\u062a\u060c \u0627\u0645\u0631\u0648\u0632\u060c \u0632\u06cc\u0631 \u0646\u0638\u0631 \u062f\u06a9\u062a\u0631 \u0627\u06a9\u0631\u0645 \u0641\u0627\u0636\u0644 \u0648 \u0628\u0627 \u062f\u0633\u062a\u06cc\u0627\u0631\u06cc \u06a9\u0627\u0631\u0634\u0646\u0627\u0633\u0627\u0646 \u0627\u0631\u0634\u062f \u0648 \u0645\u062a\u062e\u0635\u0635\u06cc\u0646 \u062c\u0647\u0627\u0646\u06cc \u0627\u0632 \u062c\u0645\u0644\u0647 \u0622\u0642\u0627\u06cc \u062f\u06cc\u0648\u06cc\u062f \u0644\u0645 (David LAM) \u060c \u0645\u062a\u062e\u0635\u0635 \u06a9\u0627\u0646\u0627\u062f\u0627\u06cc\u06cc \u062f\u0631 \u0627\u0645\u0648\u0631 \u0639\u0645\u0644\u06cc\u0627\u062a\u06cc\u060c \u062a\u06a9\u0646\u0648\u0644\u0648\u0698\u06cc\u060c \u062a\u062d\u0642\u06cc\u0642\u0627\u062a\u06cc \u0648 \u062a\u0648\u0644\u06cc\u062f\u06cc \u0627\u062f\u0627\u0631\u0647 \u0645\u06cc\u200c\u06af\u0631\u062f\u062f.\n\u0647\u0645\u06a9\u0627\u0631\u0627\u0646 \u062f\u06cc\u06af\u0631 \u0627\u06cc\u0646 \u0628\u062e\u0634 \u0627\u0641\u0631\u0627\u062f\u06cc \u0646\u0638\u06cc\u0631 \u0698\u0627\u0646 \u0622\u0646\u062f\u0631\u0647 \u0628\u0631\u0646 (Jean Andr\u00e9 BRIN) \u060c \u062f\u06a9\u062a\u0631 \u062f\u0627\u0631\u0648\u0633\u0627\u0632\u060c \u0645\u06cc\u200c\u0628\u0627\u0634\u062f \u06a9\u0647 \u062f\u0627\u0646\u0634\u0646\u0627\u0645\u0647 \u062f\u0627\u0631\u0648\u0633\u0627\u0632\u06cc \u062e\u0648\u062f \u0631\u0627 \u0628\u0627 \u0631\u062a\u0628\u0647 \u0628\u0631\u062a\u0631 \u0627\u0632 \u062f\u0627\u0646\u0634\u06af\u0627\u0647 \u0634\u062a\u0646\u0647 \u0645\u0644\u0628\u0631\u06cc (Chatenay Malabry) \u0641\u0631\u0627\u0646\u0633\u0647 \u06a9\u0633\u0628 \u06a9\u0631\u062f\u0647 \u0627\u0633\u062a \u0648 \u0686\u0646\u062f\u06cc\u0646 \u0633\u0627\u0644 \u0639\u0644\u0627\u0648\u0647 \u0628\u0631 \u062a\u062d\u0642\u06cc\u0642 \u0648 \u062a\u062f\u0631\u06cc\u0633\u060c \u0645\u0633\u0626\u0648\u0644\u06cc\u062a \u0631\u06cc\u0627\u0633\u062a \u0627\u0646\u062c\u0645\u0646 \u0641\u0631\u0627\u0646\u0633\u0648\u06cc \u06a9\u0627\u0633\u0645\u062a\u0648\u0644\u0648\u0698\u06cc (Soci\u00e9t\u00e9 Fran\u00e7aise de Cosm\u00e9tologie) \u062f\u0631 \u0641\u0631\u0627\u0646\u0633\u0647 \u0631\u0627 \u0639\u0647\u062f\u0647 \u062f\u0627\u0631 \u0628\u0648\u062f\u0647 \u0648 \u06cc\u0627 \u0622\u0642\u0627\u06cc \u062f\u06a9\u062a\u0631 \u062a\u06cc\u06cc\u0631\u06cc \u0631\u0648\u062f\u06cc\u062a\u06cc\u0633 (Thierry RODITIS)\u060c \u0645\u0634\u0627\u0648\u0631 \u0639\u0644\u0645\u06cc \u06a9\u0647 \u062f\u0631 \u0628\u062e\u0634 \u062a\u062d\u0642\u06cc\u0642\u0627\u062a \u0648 \u0647\u0645\u06a9\u0627\u0631\u06cc \u0647\u0627\u06cc \u062a\u062d\u0642\u06cc\u0642\u0627\u062a\u06cc \u062f\u0627\u0646\u0634\u06af\u0627\u0647\u06cc\u060c \u0641\u0639\u0627\u0644 \u0645\u06cc\u200c\u0628\u0627\u0634\u0646\u062f.\t\t\t\t\t\t\t\t<\/div>\n\t\t\t\t<\/div>\n\t\t\t\t\t<\/div>\n\t\t<\/div>\n\t\t\t\t\t<\/div>\n\t\t<\/section>\n\t\t\t\t\t<\/div>\n\t\t<\/div>\n\t\t\t\t\t<\/div>\n\t\t<\/section>\n\t\t\t\t<section class=\"elementor-section elementor-top-section elementor-element elementor-element-14ea688 elementor-section-boxed elementor-section-height-default elementor-section-height-default\" data-id=\"14ea688\" data-element_type=\"section\">\n\t\t\t\t\t\t<div class=\"elementor-container elementor-column-gap-default\">\n\t\t\t\t\t<div class=\"elementor-column elementor-col-100 elementor-top-column elementor-element elementor-element-3a572d1\" data-id=\"3a572d1\" data-element_type=\"column\">\n\t\t\t<div class=\"elementor-widget-wrap elementor-element-populated\">\n\t\t\t\t\t\t<div class=\"elementor-element elementor-element-5354ad0 elementor-widget-divider--view-line elementor-widget elementor-widget-divider\" data-id=\"5354ad0\" data-element_type=\"widget\" data-widget_type=\"divider.default\">\n\t\t\t\t<div class=\"elementor-widget-container\">\n\t\t\t\t\t\t\t<div class=\"elementor-divider\">\n\t\t\t<span class=\"elementor-divider-separator\">\n\t\t\t\t\t\t<\/span>\n\t\t<\/div>\n\t\t\t\t\t\t<\/div>\n\t\t\t\t<\/div>\n\t\t\t\t<div class=\"elementor-element elementor-element-dc1b61b elementor-widget elementor-widget-heading\" data-id=\"dc1b61b\" data-element_type=\"widget\" data-widget_type=\"heading.default\">\n\t\t\t\t<div class=\"elementor-widget-container\">\n\t\t\t\t\t<h3 class=\"elementor-heading-title elementor-size-default\">\u0645\u062d\u0635\u0648\u0644\u0627\u062a<\/h3>\t\t\t\t<\/div>\n\t\t\t\t<\/div>\n\t\t\t\t<div class=\"elementor-element elementor-element-d0d869b elementor-widget elementor-widget-spacer\" data-id=\"d0d869b\" data-element_type=\"widget\" data-widget_type=\"spacer.default\">\n\t\t\t\t<div class=\"elementor-widget-container\">\n\t\t\t\t\t\t\t<div class=\"elementor-spacer\">\r\n\t\t\t<div class=\"elementor-spacer-inner\"><\/div>\r\n\t\t<\/div>\r\n\t\t\t\t\t\t<\/div>\n\t\t\t\t<\/div>\n\t\t\t\t\t<\/div>\n\t\t<\/div>\n\t\t\t\t\t<\/div>\n\t\t<\/section>\n\t\t\t\t<\/div>","protected":false},"excerpt":{"rendered":"<p>\u0628\u0631\u0646\u062f \u0698\u0627\u06a9 \u0622\u0646\u062f\u0631\u0644 \u067e\u0627\u0631\u06cc\u0633 \u062f\u0631\u0628\u0627\u0631\u0647 \u0645\u0627 \u0628\u0627 \u0648\u062c\u0648\u062f \u0627\u06cc\u0646\u06a9\u0647 \u062f\u0631 \u062f\u0646\u06cc\u0627\u06cc \u0627\u0645\u0631\u0648\u0632\u060c \u0628\u0627\u0632\u0627\u0631 \u0631\u0642\u0627\u0628\u062a \u062f\u0631 \u0627\u06cc\u0646 \u0639\u0631\u0635\u0647 \u0641\u0648\u0642 \u0627\u0644\u0639\u0627\u062f\u0647 \u0642\u0648\u06cc \u0648 \u0628\u06cc\u0631\u062d\u0645 [&hellip;]<\/p>","protected":false},"author":1,"featured_media":0,"parent":0,"menu_order":0,"comment_status":"closed","ping_status":"closed","template":"","meta":{"footnotes":""},"class_list":["post-667","page","type-page","status-publish","hentry"],"jetpack_sharing_enabled":true,"_links":{"self":[{"href":"https:\/\/jacques-andhrel.com\/fr\/wp-json\/wp\/v2\/pages\/667","targetHints":{"allow":["GET"]}}],"collection":[{"href":"https:\/\/jacques-andhrel.com\/fr\/wp-json\/wp\/v2\/pages"}],"about":[{"href":"https:\/\/jacques-andhrel.com\/fr\/wp-json\/wp\/v2\/types\/page"}],"author":[{"embeddable":true,"href":"https:\/\/jacques-andhrel.com\/fr\/wp-json\/wp\/v2\/users\/1"}],"replies":[{"embeddable":true,"href":"https:\/\/jacques-andhrel.com\/fr\/wp-json\/wp\/v2\/comments?post=667"}],"version-history":[{"count":0,"href":"https:\/\/jacques-andhrel.com\/fr\/wp-json\/wp\/v2\/pages\/667\/revisions"}],"wp:attachment":[{"href":"https:\/\/jacques-andhrel.com\/fr\/wp-json\/wp\/v2\/media?parent=667"}],"curies":[{"name":"wp","href":"https:\/\/api.w.org\/{rel}","templated":true}]}}