{"id":665,"date":"2023-02-13T08:23:22","date_gmt":"2023-02-13T08:23:22","guid":{"rendered":"https:\/\/jacques-andhrel.com\/?page_id=665"},"modified":"2023-02-22T11:53:51","modified_gmt":"2023-02-22T11:53:51","slug":"home-2","status":"publish","type":"page","link":"https:\/\/jacques-andhrel.com\/fr\/home-2\/","title":{"rendered":"home"},"content":{"rendered":"<div data-elementor-type=\"wp-page\" data-elementor-id=\"665\" class=\"elementor elementor-665\" data-elementor-post-type=\"page\">\n\t\t\t\t\t\t<section class=\"elementor-section elementor-top-section elementor-element elementor-element-21a1b3f elementor-section-full_width elementor-section-height-default elementor-section-height-default\" data-id=\"21a1b3f\" data-element_type=\"section\">\n\t\t\t\t\t\t<div class=\"elementor-container elementor-column-gap-no\">\n\t\t\t\t\t<div class=\"elementor-column elementor-col-100 elementor-top-column elementor-element elementor-element-5f0f17e\" data-id=\"5f0f17e\" data-element_type=\"column\">\n\t\t\t<div class=\"elementor-widget-wrap elementor-element-populated\">\n\t\t\t\t\t\t\t<\/div>\n\t\t<\/div>\n\t\t\t\t\t<\/div>\n\t\t<\/section>\n\t\t\t\t<section class=\"elementor-section elementor-top-section elementor-element elementor-element-398f30d elementor-section-boxed elementor-section-height-default elementor-section-height-default\" data-id=\"398f30d\" data-element_type=\"section\">\n\t\t\t\t\t\t<div class=\"elementor-container elementor-column-gap-default\">\n\t\t\t\t\t<div class=\"elementor-column elementor-col-100 elementor-top-column elementor-element elementor-element-bd4461f\" data-id=\"bd4461f\" data-element_type=\"column\">\n\t\t\t<div class=\"elementor-widget-wrap elementor-element-populated\">\n\t\t\t\t\t\t<div class=\"elementor-element elementor-element-cef3703 elementor-widget elementor-widget-spacer\" data-id=\"cef3703\" data-element_type=\"widget\" data-widget_type=\"spacer.default\">\n\t\t\t\t<div class=\"elementor-widget-container\">\n\t\t\t\t\t\t\t<div class=\"elementor-spacer\">\r\n\t\t\t<div class=\"elementor-spacer-inner\"><\/div>\r\n\t\t<\/div>\r\n\t\t\t\t\t\t<\/div>\n\t\t\t\t<\/div>\n\t\t\t\t<div class=\"elementor-element elementor-element-5a37b68 elementor-widget elementor-widget-heading\" data-id=\"5a37b68\" data-element_type=\"widget\" data-widget_type=\"heading.default\">\n\t\t\t\t<div class=\"elementor-widget-container\">\n\t\t\t\t\t<h3 class=\"elementor-heading-title elementor-size-default\">THE BRAND<\/h3>\t\t\t\t<\/div>\n\t\t\t\t<\/div>\n\t\t\t\t<section class=\"elementor-section elementor-inner-section elementor-element elementor-element-4ba1c89 elementor-section-boxed elementor-section-height-default elementor-section-height-default\" data-id=\"4ba1c89\" data-element_type=\"section\">\n\t\t\t\t\t\t<div class=\"elementor-container elementor-column-gap-default\">\n\t\t\t\t\t<div class=\"elementor-column elementor-col-50 elementor-inner-column elementor-element elementor-element-919ab26\" data-id=\"919ab26\" data-element_type=\"column\">\n\t\t\t<div class=\"elementor-widget-wrap elementor-element-populated\">\n\t\t\t\t\t\t<div class=\"elementor-element elementor-element-756652b elementor-widget elementor-widget-image\" data-id=\"756652b\" data-element_type=\"widget\" data-widget_type=\"image.default\">\n\t\t\t\t<div class=\"elementor-widget-container\">\n\t\t\t\t\t\t\t\t\t\t\t\t\t\t\t<img fetchpriority=\"high\" decoding=\"async\" width=\"1000\" height=\"231\" src=\"data:image\/gif;base64,R0lGODlhAQABAIAAAAAAAP\/\/\/yH5BAEAAAAALAAAAAABAAEAAAIBRAA7\" data-src=\"https:\/\/jacques-andhrel.com\/wp-content\/uploads\/2023\/02\/JacquesLogo-on-black-trans-1024x237.png\" class=\"attachment-large size-large wp-image-134 lazyload\" alt=\"Jacques Andhrel skincare\" data-srcset=\"https:\/\/jacques-andhrel.com\/wp-content\/uploads\/2023\/02\/JacquesLogo-on-black-trans-1024x237.png 1024w, https:\/\/jacques-andhrel.com\/wp-content\/uploads\/2023\/02\/JacquesLogo-on-black-trans-768x178.png 768w, https:\/\/jacques-andhrel.com\/wp-content\/uploads\/2023\/02\/JacquesLogo-on-black-trans-18x4.png 18w, https:\/\/jacques-andhrel.com\/wp-content\/uploads\/2023\/02\/JacquesLogo-on-black-trans-650x151.png 650w, https:\/\/jacques-andhrel.com\/wp-content\/uploads\/2023\/02\/JacquesLogo-on-black-trans-800x185.png 800w, https:\/\/jacques-andhrel.com\/wp-content\/uploads\/2023\/02\/JacquesLogo-on-black-trans.png 1191w\" sizes=\"(max-width: 1000px) 100vw, 1000px\" \/><noscript><img decoding=\"async\" width=\"1000\" height=\"231\" src=\"https:\/\/jacques-andhrel.com\/wp-content\/uploads\/2023\/02\/JacquesLogo-on-black-trans-1024x237.png\" class=\"attachment-large size-large wp-image-134 lazyload\" alt=\"Jacques Andhrel skincare\" srcset=\"https:\/\/jacques-andhrel.com\/wp-content\/uploads\/2023\/02\/JacquesLogo-on-black-trans-1024x237.png 1024w, https:\/\/jacques-andhrel.com\/wp-content\/uploads\/2023\/02\/JacquesLogo-on-black-trans-768x178.png 768w, https:\/\/jacques-andhrel.com\/wp-content\/uploads\/2023\/02\/JacquesLogo-on-black-trans-18x4.png 18w, https:\/\/jacques-andhrel.com\/wp-content\/uploads\/2023\/02\/JacquesLogo-on-black-trans-650x151.png 650w, https:\/\/jacques-andhrel.com\/wp-content\/uploads\/2023\/02\/JacquesLogo-on-black-trans-800x185.png 800w, https:\/\/jacques-andhrel.com\/wp-content\/uploads\/2023\/02\/JacquesLogo-on-black-trans.png 1191w\" sizes=\"(max-width: 1000px) 100vw, 1000px\" \/><\/noscript>\t\t\t\t\t\t\t\t\t\t\t\t\t\t\t<\/div>\n\t\t\t\t<\/div>\n\t\t\t\t<div class=\"elementor-element elementor-element-622c5ad elementor-align-center elementor-widget elementor-widget-button\" data-id=\"622c5ad\" data-element_type=\"widget\" data-widget_type=\"button.default\">\n\t\t\t\t<div class=\"elementor-widget-container\">\n\t\t\t\t\t\t\t\t\t<div class=\"elementor-button-wrapper\">\n\t\t\t\t\t<a class=\"elementor-button elementor-button-link elementor-size-xs\" href=\"#\">\n\t\t\t\t\t\t<span class=\"elementor-button-content-wrapper\">\n\t\t\t\t\t\t\t\t\t<span class=\"elementor-button-text\">ABOUT US<\/span>\n\t\t\t\t\t<\/span>\n\t\t\t\t\t<\/a>\n\t\t\t\t<\/div>\n\t\t\t\t\t\t\t\t<\/div>\n\t\t\t\t<\/div>\n\t\t\t\t\t<\/div>\n\t\t<\/div>\n\t\t\t\t<div class=\"elementor-column elementor-col-50 elementor-inner-column elementor-element elementor-element-d3000f7\" data-id=\"d3000f7\" data-element_type=\"column\">\n\t\t\t<div class=\"elementor-widget-wrap elementor-element-populated\">\n\t\t\t\t\t\t<div class=\"elementor-element elementor-element-ba29586 elementor-widget elementor-widget-text-editor\" data-id=\"ba29586\" data-element_type=\"widget\" data-widget_type=\"text-editor.default\">\n\t\t\t\t<div class=\"elementor-widget-container\">\n\t\t\t\t\t\t\t\t\t<p>Aujourd\u2019hui, les Laboratoires Jacques Andhrel en tant qu\u2019un centre important d\u2019innovation, de formulation et de fabrication de produits cosm\u00e9tiques sont pr\u00e9sents dans plusieurs pays. Cette pr\u00e9sence est en continuelle \u00e9volution gr\u00e2ce \u00e0 ses nouvelles strat\u00e9gies technologiques de fabrication et de formulation. \nL\u2019organisation de nombreux congr\u00e8s scientifiques et de recherche contribue \u00e9galement \u00e0 cette \u00e9volution. Les produits Jacques Andhrel, sous forme de produits finis, ont \u00e9t\u00e9 pour la premi\u00e8re fois distribu\u00e9s en 1997 en Iran.<br \/>Aujourd\u2019hui, les Laboratoires Jacques Andhrel en tant qu\u2019un centre important d\u2019innovation, de formulation et de fabrication de produits cosm\u00e9tiques sont pr\u00e9sents dans plusieurs pays. Cette pr\u00e9sence est en continuelle \u00e9volution gr\u00e2ce \u00e0 ses nouvelles strat\u00e9gies technologiques de fabrication et de formulation. \nL\u2019organisation de nombreux congr\u00e8s scientifiques et de recherche contribue \u00e9galement \u00e0 cette \u00e9volution. Les produits Jacques Andhrel, sous forme de produits finis, ont \u00e9t\u00e9 pour la premi\u00e8re fois distribu\u00e9s en 1997 en Iran.<\/p>\t\t\t\t\t\t\t\t<\/div>\n\t\t\t\t<\/div>\n\t\t\t\t\t<\/div>\n\t\t<\/div>\n\t\t\t\t\t<\/div>\n\t\t<\/section>\n\t\t\t\t\t<\/div>\n\t\t<\/div>\n\t\t\t\t\t<\/div>\n\t\t<\/section>\n\t\t\t\t<section class=\"elementor-section elementor-top-section elementor-element elementor-element-14ea688 elementor-section-boxed elementor-section-height-default elementor-section-height-default\" data-id=\"14ea688\" data-element_type=\"section\">\n\t\t\t\t\t\t<div class=\"elementor-container elementor-column-gap-default\">\n\t\t\t\t\t<div class=\"elementor-column elementor-col-100 elementor-top-column elementor-element elementor-element-3a572d1\" data-id=\"3a572d1\" data-element_type=\"column\">\n\t\t\t<div class=\"elementor-widget-wrap elementor-element-populated\">\n\t\t\t\t\t\t<div class=\"elementor-element elementor-element-5354ad0 elementor-widget-divider--view-line elementor-widget elementor-widget-divider\" data-id=\"5354ad0\" data-element_type=\"widget\" data-widget_type=\"divider.default\">\n\t\t\t\t<div class=\"elementor-widget-container\">\n\t\t\t\t\t\t\t<div class=\"elementor-divider\">\n\t\t\t<span class=\"elementor-divider-separator\">\n\t\t\t\t\t\t<\/span>\n\t\t<\/div>\n\t\t\t\t\t\t<\/div>\n\t\t\t\t<\/div>\n\t\t\t\t<div class=\"elementor-element elementor-element-dc1b61b elementor-widget elementor-widget-heading\" data-id=\"dc1b61b\" data-element_type=\"widget\" data-widget_type=\"heading.default\">\n\t\t\t\t<div class=\"elementor-widget-container\">\n\t\t\t\t\t<h3 class=\"elementor-heading-title elementor-size-default\">nos produits<\/h3>\t\t\t\t<\/div>\n\t\t\t\t<\/div>\n\t\t\t\t<div class=\"elementor-element elementor-element-d0d869b elementor-widget elementor-widget-spacer\" data-id=\"d0d869b\" data-element_type=\"widget\" data-widget_type=\"spacer.default\">\n\t\t\t\t<div class=\"elementor-widget-container\">\n\t\t\t\t\t\t\t<div class=\"elementor-spacer\">\r\n\t\t\t<div class=\"elementor-spacer-inner\"><\/div>\r\n\t\t<\/div>\r\n\t\t\t\t\t\t<\/div>\n\t\t\t\t<\/div>\n\t\t\t\t\t<\/div>\n\t\t<\/div>\n\t\t\t\t\t<\/div>\n\t\t<\/section>\n\t\t\t\t<\/div>","protected":false},"excerpt":{"rendered":"","protected":false},"author":1,"featured_media":0,"parent":0,"menu_order":0,"comment_status":"closed","ping_status":"closed","template":"","meta":{"footnotes":""},"class_list":["post-665","page","type-page","status-publish","hentry"],"jetpack_sharing_enabled":true,"_links":{"self":[{"href":"https:\/\/jacques-andhrel.com\/fr\/wp-json\/wp\/v2\/pages\/665","targetHints":{"allow":["GET"]}}],"collection":[{"href":"https:\/\/jacques-andhrel.com\/fr\/wp-json\/wp\/v2\/pages"}],"about":[{"href":"https:\/\/jacques-andhrel.com\/fr\/wp-json\/wp\/v2\/types\/page"}],"author":[{"embeddable":true,"href":"https:\/\/jacques-andhrel.com\/fr\/wp-json\/wp\/v2\/users\/1"}],"replies":[{"embeddable":true,"href":"https:\/\/jacques-andhrel.com\/fr\/wp-json\/wp\/v2\/comments?post=665"}],"version-history":[{"count":0,"href":"https:\/\/jacques-andhrel.com\/fr\/wp-json\/wp\/v2\/pages\/665\/revisions"}],"wp:attachment":[{"href":"https:\/\/jacques-andhrel.com\/fr\/wp-json\/wp\/v2\/media?parent=665"}],"curies":[{"name":"wp","href":"https:\/\/api.w.org\/{rel}","templated":true}]}}