{"id":14,"date":"2023-02-10T10:42:30","date_gmt":"2023-02-10T10:42:30","guid":{"rendered":"https:\/\/jacques-andhrel.com\/?page_id=14"},"modified":"2023-05-08T12:03:30","modified_gmt":"2023-05-08T12:03:30","slug":"about-us","status":"publish","type":"page","link":"https:\/\/jacques-andhrel.com\/fr\/about-us\/","title":{"rendered":"A Propos De Nous"},"content":{"rendered":"<div data-elementor-type=\"wp-page\" data-elementor-id=\"14\" class=\"elementor elementor-14\" data-elementor-post-type=\"page\">\n\t\t\t\t\t\t<section class=\"elementor-section elementor-top-section elementor-element elementor-element-c89e7cf elementor-section-boxed elementor-section-height-default elementor-section-height-default\" data-id=\"c89e7cf\" data-element_type=\"section\" data-settings=\"{&quot;background_background&quot;:&quot;classic&quot;}\">\n\t\t\t\t\t\t<div class=\"elementor-container elementor-column-gap-default\">\n\t\t\t\t\t<div class=\"elementor-column elementor-col-100 elementor-top-column elementor-element elementor-element-ccc443d\" data-id=\"ccc443d\" data-element_type=\"column\">\n\t\t\t<div class=\"elementor-widget-wrap elementor-element-populated\">\n\t\t\t\t\t\t<div class=\"elementor-element elementor-element-04646d7 elementor-widget elementor-widget-spacer\" data-id=\"04646d7\" data-element_type=\"widget\" data-widget_type=\"spacer.default\">\n\t\t\t\t<div class=\"elementor-widget-container\">\n\t\t\t\t\t\t\t<div class=\"elementor-spacer\">\r\n\t\t\t<div class=\"elementor-spacer-inner\"><\/div>\r\n\t\t<\/div>\r\n\t\t\t\t\t\t<\/div>\n\t\t\t\t<\/div>\n\t\t\t\t<div class=\"elementor-element elementor-element-2d7bcfe elementor-widget elementor-widget-image\" data-id=\"2d7bcfe\" data-element_type=\"widget\" data-widget_type=\"image.default\">\n\t\t\t\t<div class=\"elementor-widget-container\">\n\t\t\t\t\t\t\t\t\t\t\t\t\t\t\t<img decoding=\"async\" class=\"lazyload\" src=\"data:image\/gif;base64,R0lGODlhAQABAIAAAAAAAP\/\/\/yH5BAEAAAAALAAAAAABAAEAAAIBRAA7\" data-src=\"https:\/\/jacques-andhrel.com\/wp-content\/uploads\/elementor\/thumbs\/JacquesLogo-on-black-trans-r4d1qk1czqqeu6l7qmoi6cxaq0uj0p4pk9g4plme0u.png\" title=\"JacquesLogo-on-black-trans\" alt=\"Jacques Andhrel skincare\" loading=\"lazy\" \/><noscript><img decoding=\"async\" class=\"lazyload\" src=\"https:\/\/jacques-andhrel.com\/wp-content\/uploads\/elementor\/thumbs\/JacquesLogo-on-black-trans-r4d1qk1czqqeu6l7qmoi6cxaq0uj0p4pk9g4plme0u.png\" title=\"JacquesLogo-on-black-trans\" alt=\"Jacques Andhrel skincare\" loading=\"lazy\" \/><\/noscript>\t\t\t\t\t\t\t\t\t\t\t\t\t\t\t<\/div>\n\t\t\t\t<\/div>\n\t\t\t\t<div class=\"elementor-element elementor-element-d83a4be elementor-widget elementor-widget-spacer\" data-id=\"d83a4be\" data-element_type=\"widget\" data-widget_type=\"spacer.default\">\n\t\t\t\t<div class=\"elementor-widget-container\">\n\t\t\t\t\t\t\t<div class=\"elementor-spacer\">\r\n\t\t\t<div class=\"elementor-spacer-inner\"><\/div>\r\n\t\t<\/div>\r\n\t\t\t\t\t\t<\/div>\n\t\t\t\t<\/div>\n\t\t\t\t\t<\/div>\n\t\t<\/div>\n\t\t\t\t\t<\/div>\n\t\t<\/section>\n\t\t\t\t<section class=\"elementor-section elementor-top-section elementor-element elementor-element-b9eefcf elementor-section-boxed elementor-section-height-default elementor-section-height-default\" data-id=\"b9eefcf\" data-element_type=\"section\">\n\t\t\t\t\t\t<div class=\"elementor-container elementor-column-gap-default\">\n\t\t\t\t\t<div class=\"elementor-column elementor-col-100 elementor-top-column elementor-element elementor-element-796e9dd\" data-id=\"796e9dd\" data-element_type=\"column\">\n\t\t\t<div class=\"elementor-widget-wrap elementor-element-populated\">\n\t\t\t\t\t\t<div class=\"elementor-element elementor-element-31d3c13 elementor-widget elementor-widget-spacer\" data-id=\"31d3c13\" data-element_type=\"widget\" data-widget_type=\"spacer.default\">\n\t\t\t\t<div class=\"elementor-widget-container\">\n\t\t\t\t\t\t\t<div class=\"elementor-spacer\">\r\n\t\t\t<div class=\"elementor-spacer-inner\"><\/div>\r\n\t\t<\/div>\r\n\t\t\t\t\t\t<\/div>\n\t\t\t\t<\/div>\n\t\t\t\t\t<\/div>\n\t\t<\/div>\n\t\t\t\t\t<\/div>\n\t\t<\/section>\n\t\t\t\t<section class=\"elementor-section elementor-top-section elementor-element elementor-element-3fbe5b4 elementor-section-boxed elementor-section-height-default elementor-section-height-default\" data-id=\"3fbe5b4\" data-element_type=\"section\">\n\t\t\t\t\t\t<div class=\"elementor-container elementor-column-gap-default\">\n\t\t\t\t\t<div class=\"elementor-column elementor-col-50 elementor-top-column elementor-element elementor-element-1425e68\" data-id=\"1425e68\" data-element_type=\"column\">\n\t\t\t<div class=\"elementor-widget-wrap elementor-element-populated\">\n\t\t\t\t\t\t<div class=\"elementor-element elementor-element-6c0cb7a elementor-widget elementor-widget-text-editor\" data-id=\"6c0cb7a\" data-element_type=\"widget\" data-widget_type=\"text-editor.default\">\n\t\t\t\t<div class=\"elementor-widget-container\">\n\t\t\t\t\t\t\t\t\t<p>Slogan du Pr\u00e9sident\nLa peau est un capital de sant\u00e9 \u00e0 pr\u00e9server.\nJacques Andhrel a d\u00e9velopp\u00e9 des produits de soins beaut\u00e9 \u00e0 base d\u2019extraits de plantes sp\u00e9cialement d\u00e9di\u00e9s \u00e0 la pr\u00e9vention du vieillissement cutan\u00e9.<br \/>Aujourd\u2019hui, les Laboratoires Jacques Andhrel en tant qu\u2019un centre important d\u2019innovation, de formulation et de fabrication de produits cosm\u00e9tiques sont pr\u00e9sents dans plusieurs pays. Cette pr\u00e9sence est en continuelle \u00e9volution gr\u00e2ce \u00e0 ses nouvelles strat\u00e9gies technologiques de fabrication et de formulation. \nL\u2019organisation de nombreux congr\u00e8s scientifiques et de recherche contribue \u00e9galement \u00e0 cette \u00e9volution. Les produits Jacques Andhrel, sous forme de produits finis, ont \u00e9t\u00e9 pour la premi\u00e8re fois distribu\u00e9s en 1997 en Iran.<br \/>Aujourd\u2019hui, les Laboratoires Jacques Andhrel en tant qu\u2019un centre important d\u2019innovation, de formulation et de fabrication de produits cosm\u00e9tiques sont pr\u00e9sents dans plusieurs pays. Cette pr\u00e9sence est en continuelle \u00e9volution gr\u00e2ce \u00e0 ses nouvelles strat\u00e9gies technologiques de fabrication et de formulation. \nL\u2019organisation de nombreux congr\u00e8s scientifiques et de recherche contribue \u00e9galement \u00e0 cette \u00e9volution. Les produits Jacques Andhrel, sous forme de produits finis, ont \u00e9t\u00e9 pour la premi\u00e8re fois distribu\u00e9s en 1997 en Iran.<br \/>Actuellement, malgr\u00e9 la concurrence forte des compagnies dans ce domaine, la collaboration \u00e9troite et continuelle des laboratoires Jacques Andhrel avec les chercheurs, les professeurs, les \u00e9tudiants et les responsables de l\u2019industrie cosm\u00e9tique constitue le capital essentiel de cette compagnie.<\/p>\t\t\t\t\t\t\t\t<\/div>\n\t\t\t\t<\/div>\n\t\t\t\t\t<\/div>\n\t\t<\/div>\n\t\t\t\t<div class=\"elementor-column elementor-col-50 elementor-top-column elementor-element elementor-element-cd411b1\" data-id=\"cd411b1\" data-element_type=\"column\">\n\t\t\t<div class=\"elementor-widget-wrap elementor-element-populated\">\n\t\t\t\t\t\t<div class=\"elementor-element elementor-element-9e0f1d9 elementor-widget elementor-widget-text-editor\" data-id=\"9e0f1d9\" data-element_type=\"widget\" data-widget_type=\"text-editor.default\">\n\t\t\t\t<div class=\"elementor-widget-container\">\n\t\t\t\t\t\t\t\t\t<p style=\"font-size: 16px;\">du Docteur Akram Fazel et avec collaborations des experts de haut niveau tel que David Lam , sp\u00e9cialiste canadien dans le domaine Recherche et Production.\nJean Andr\u00e9 Brin, dipl\u00f4m\u00e9 en doctorat en pharmacologie de l\u2019Universit\u00e9 de Ch\u00e2tenay Malabry, chercheur et enseignant renomm\u00e9, et le dirigeant de la Soci\u00e9t\u00e9 Fran\u00e7aise de Cosm\u00e9tologie, et Thierry Roditis, conseiller scientifique du d\u00e9partement de la recherche, font partie tous les eux du staff scientifique des Laboratoires Jacques Andhrel.<br \/>Le Docteur Akram Fazel, partenaire des Laboratoires Jacques Andhrel, Directeur Scientifique, dipl\u00f4m\u00e9 en doctorat de microbiologie et biochimie g\u00e9n\u00e9tique de l\u2019Universit\u00e9 de New York auparavant \u00e9tait occup\u00e9 des fonctions suivantes :<\/p><ul><li>Directeur de la recherche scientifique du d\u00e9partement cosm\u00e9tique de L\u2019Or\u00e9al France<\/li><li>Directeur de la recherche et de la strat\u00e9gie scientifique et cosm\u00e9tique de grandes marques telles que Lanc\u00f4me, Helena Rubinstein et Maybelline<\/li><li>Directeur de la coordination de recherche et de documentation scientifique avec les normes Europ\u00e9ennes et Japonaises<\/li><li>Directeur G\u00e9n\u00e9ral du d\u00e9partement de recherche des produits alimentaires du groupe Danone France<\/li><li>Chercheur scientifique \u00e0 l\u2019Institut Pasteur en France<\/li><\/ul>\t\t\t\t\t\t\t\t<\/div>\n\t\t\t\t<\/div>\n\t\t\t\t\t<\/div>\n\t\t<\/div>\n\t\t\t\t\t<\/div>\n\t\t<\/section>\n\t\t\t\t<section class=\"elementor-section elementor-top-section elementor-element elementor-element-3cc2673 elementor-section-boxed elementor-section-height-default elementor-section-height-default\" data-id=\"3cc2673\" data-element_type=\"section\">\n\t\t\t\t\t\t<div class=\"elementor-container elementor-column-gap-default\">\n\t\t\t\t\t<div class=\"elementor-column elementor-col-100 elementor-top-column elementor-element elementor-element-5d592c9\" data-id=\"5d592c9\" data-element_type=\"column\">\n\t\t\t<div class=\"elementor-widget-wrap elementor-element-populated\">\n\t\t\t\t\t\t<div class=\"elementor-element elementor-element-ddaecbb elementor-widget elementor-widget-spacer\" data-id=\"ddaecbb\" data-element_type=\"widget\" data-widget_type=\"spacer.default\">\n\t\t\t\t<div class=\"elementor-widget-container\">\n\t\t\t\t\t\t\t<div class=\"elementor-spacer\">\r\n\t\t\t<div class=\"elementor-spacer-inner\"><\/div>\r\n\t\t<\/div>\r\n\t\t\t\t\t\t<\/div>\n\t\t\t\t<\/div>\n\t\t\t\t\t<\/div>\n\t\t<\/div>\n\t\t\t\t\t<\/div>\n\t\t<\/section>\n\t\t\t\t<\/div>","protected":false},"excerpt":{"rendered":"<p>A brief history of Jacques Andhrel of Paris,Jacques Andhrel\u2019s name first received public attention in the 1960s in Chateauroux in central regions [&hellip;]<\/p>","protected":false},"author":1,"featured_media":0,"parent":0,"menu_order":0,"comment_status":"closed","ping_status":"closed","template":"","meta":{"footnotes":""},"class_list":["post-14","page","type-page","status-publish","hentry"],"jetpack_sharing_enabled":true,"_links":{"self":[{"href":"https:\/\/jacques-andhrel.com\/fr\/wp-json\/wp\/v2\/pages\/14","targetHints":{"allow":["GET"]}}],"collection":[{"href":"https:\/\/jacques-andhrel.com\/fr\/wp-json\/wp\/v2\/pages"}],"about":[{"href":"https:\/\/jacques-andhrel.com\/fr\/wp-json\/wp\/v2\/types\/page"}],"author":[{"embeddable":true,"href":"https:\/\/jacques-andhrel.com\/fr\/wp-json\/wp\/v2\/users\/1"}],"replies":[{"embeddable":true,"href":"https:\/\/jacques-andhrel.com\/fr\/wp-json\/wp\/v2\/comments?post=14"}],"version-history":[{"count":0,"href":"https:\/\/jacques-andhrel.com\/fr\/wp-json\/wp\/v2\/pages\/14\/revisions"}],"wp:attachment":[{"href":"https:\/\/jacques-andhrel.com\/fr\/wp-json\/wp\/v2\/media?parent=14"}],"curies":[{"name":"wp","href":"https:\/\/api.w.org\/{rel}","templated":true}]}}