{"id":14,"date":"2023-02-10T10:42:30","date_gmt":"2023-02-10T10:42:30","guid":{"rendered":"https:\/\/jacques-andhrel.com\/?page_id=14"},"modified":"2023-05-08T12:03:30","modified_gmt":"2023-05-08T12:03:30","slug":"about-us","status":"publish","type":"page","link":"https:\/\/jacques-andhrel.com\/ar\/about-us\/","title":{"rendered":"About Us"},"content":{"rendered":"<div data-elementor-type=\"wp-page\" data-elementor-id=\"14\" class=\"elementor elementor-14\" data-elementor-post-type=\"page\">\n\t\t\t\t\t\t<section class=\"elementor-section elementor-top-section elementor-element elementor-element-c89e7cf elementor-section-boxed elementor-section-height-default elementor-section-height-default\" data-id=\"c89e7cf\" data-element_type=\"section\" data-settings=\"{&quot;background_background&quot;:&quot;classic&quot;}\">\n\t\t\t\t\t\t<div class=\"elementor-container elementor-column-gap-default\">\n\t\t\t\t\t<div class=\"elementor-column elementor-col-100 elementor-top-column elementor-element elementor-element-ccc443d\" data-id=\"ccc443d\" data-element_type=\"column\">\n\t\t\t<div class=\"elementor-widget-wrap elementor-element-populated\">\n\t\t\t\t\t\t<div class=\"elementor-element elementor-element-04646d7 elementor-widget elementor-widget-spacer\" data-id=\"04646d7\" data-element_type=\"widget\" data-widget_type=\"spacer.default\">\n\t\t\t\t<div class=\"elementor-widget-container\">\n\t\t\t\t\t\t\t<div class=\"elementor-spacer\">\r\n\t\t\t<div class=\"elementor-spacer-inner\"><\/div>\r\n\t\t<\/div>\r\n\t\t\t\t\t\t<\/div>\n\t\t\t\t<\/div>\n\t\t\t\t<div class=\"elementor-element elementor-element-2d7bcfe elementor-widget elementor-widget-image\" data-id=\"2d7bcfe\" data-element_type=\"widget\" data-widget_type=\"image.default\">\n\t\t\t\t<div class=\"elementor-widget-container\">\n\t\t\t\t\t\t\t\t\t\t\t\t\t\t\t<img decoding=\"async\" class=\"lazyload\" src=\"data:image\/gif;base64,R0lGODlhAQABAIAAAAAAAP\/\/\/yH5BAEAAAAALAAAAAABAAEAAAIBRAA7\" data-src=\"https:\/\/jacques-andhrel.com\/wp-content\/uploads\/elementor\/thumbs\/JacquesLogo-on-black-trans-r4d1qk1czqqeu6l7qmoi6cxaq0uj0p4pk9g4plme0u.png\" title=\"JacquesLogo-on-black-trans\" alt=\"Jacques Andhrel skincare\" loading=\"lazy\" \/><noscript><img decoding=\"async\" class=\"lazyload\" src=\"https:\/\/jacques-andhrel.com\/wp-content\/uploads\/elementor\/thumbs\/JacquesLogo-on-black-trans-r4d1qk1czqqeu6l7qmoi6cxaq0uj0p4pk9g4plme0u.png\" title=\"JacquesLogo-on-black-trans\" alt=\"Jacques Andhrel skincare\" loading=\"lazy\" \/><\/noscript>\t\t\t\t\t\t\t\t\t\t\t\t\t\t\t<\/div>\n\t\t\t\t<\/div>\n\t\t\t\t<div class=\"elementor-element elementor-element-d83a4be elementor-widget elementor-widget-spacer\" data-id=\"d83a4be\" data-element_type=\"widget\" data-widget_type=\"spacer.default\">\n\t\t\t\t<div class=\"elementor-widget-container\">\n\t\t\t\t\t\t\t<div class=\"elementor-spacer\">\r\n\t\t\t<div class=\"elementor-spacer-inner\"><\/div>\r\n\t\t<\/div>\r\n\t\t\t\t\t\t<\/div>\n\t\t\t\t<\/div>\n\t\t\t\t\t<\/div>\n\t\t<\/div>\n\t\t\t\t\t<\/div>\n\t\t<\/section>\n\t\t\t\t<section class=\"elementor-section elementor-top-section elementor-element elementor-element-b9eefcf elementor-section-boxed elementor-section-height-default elementor-section-height-default\" data-id=\"b9eefcf\" data-element_type=\"section\">\n\t\t\t\t\t\t<div class=\"elementor-container elementor-column-gap-default\">\n\t\t\t\t\t<div class=\"elementor-column elementor-col-100 elementor-top-column elementor-element elementor-element-796e9dd\" data-id=\"796e9dd\" data-element_type=\"column\">\n\t\t\t<div class=\"elementor-widget-wrap elementor-element-populated\">\n\t\t\t\t\t\t<div class=\"elementor-element elementor-element-31d3c13 elementor-widget elementor-widget-spacer\" data-id=\"31d3c13\" data-element_type=\"widget\" data-widget_type=\"spacer.default\">\n\t\t\t\t<div class=\"elementor-widget-container\">\n\t\t\t\t\t\t\t<div class=\"elementor-spacer\">\r\n\t\t\t<div class=\"elementor-spacer-inner\"><\/div>\r\n\t\t<\/div>\r\n\t\t\t\t\t\t<\/div>\n\t\t\t\t<\/div>\n\t\t\t\t\t<\/div>\n\t\t<\/div>\n\t\t\t\t\t<\/div>\n\t\t<\/section>\n\t\t\t\t<section class=\"elementor-section elementor-top-section elementor-element elementor-element-3fbe5b4 elementor-section-boxed elementor-section-height-default elementor-section-height-default\" data-id=\"3fbe5b4\" data-element_type=\"section\">\n\t\t\t\t\t\t<div class=\"elementor-container elementor-column-gap-default\">\n\t\t\t\t\t<div class=\"elementor-column elementor-col-50 elementor-top-column elementor-element elementor-element-1425e68\" data-id=\"1425e68\" data-element_type=\"column\">\n\t\t\t<div class=\"elementor-widget-wrap elementor-element-populated\">\n\t\t\t\t\t\t<div class=\"elementor-element elementor-element-6c0cb7a elementor-widget elementor-widget-text-editor\" data-id=\"6c0cb7a\" data-element_type=\"widget\" data-widget_type=\"text-editor.default\">\n\t\t\t\t<div class=\"elementor-widget-container\">\n\t\t\t\t\t\t\t\t\t<p>A brief history of Jacques Andhrel of Paris,<br \/>Jacques Andhrel\u2019s name first received public attention in the 1960s in Chateauroux in central regions of France when its founder began to produce hygienic materials at Family Pharmacy using traditional phytomedicine.<br \/>Today, Jacques Andhrel laboratory is present in several countries as one of the important centers of innovation, formulation, making of products on the hygienic realm and by presenting products, technical knowhow, modern formulations , education and training of technical staff, commissioning of modern production strategies, commissioning of scientific and research conferences, and actively continues its spectacular presence and trend on the scene.<br \/>Although in present world, competition market on this scence is greatly strong and cruel, the greatest and most principal backbone of Jacques Andhrel laboratory comprises close collaboration and eternal cooperation of the company with researchers, professors, students and those engaged in production of hygienic industries and this policy, today is under supervision of Dr. Akram Fazel and assisted by senior experts and world experts including Mr. David Lam, the Canadian expert in operational affairs, technology, research and production.<\/p>\t\t\t\t\t\t\t\t<\/div>\n\t\t\t\t<\/div>\n\t\t\t\t\t<\/div>\n\t\t<\/div>\n\t\t\t\t<div class=\"elementor-column elementor-col-50 elementor-top-column elementor-element elementor-element-cd411b1\" data-id=\"cd411b1\" data-element_type=\"column\">\n\t\t\t<div class=\"elementor-widget-wrap elementor-element-populated\">\n\t\t\t\t\t\t<div class=\"elementor-element elementor-element-9e0f1d9 elementor-widget elementor-widget-text-editor\" data-id=\"9e0f1d9\" data-element_type=\"widget\" data-widget_type=\"text-editor.default\">\n\t\t\t\t<div class=\"elementor-widget-container\">\n\t\t\t\t\t\t\t\t\t<p style=\"font-size: 16px;\">The other colleagues in this sector are persons such as Jean Andr\u00e9 Brin, pharmacist doctor, who has obtained his pharmacy diploma with superior rank from Chatenay Malabry University of France and several years in addition to research and teaching, has been charged with chairmanship of Soci\u00e9t\u00e9 Fran\u00e7aise de Cosm\u00e9tologie in France and or Mr.Dr.Thierry Roditis, scientific advisor who is active in research sector and collegiate research assistance.<br \/>Dr. Akram Fazel is one of today\u2019s partners who is entrusted with the task of management of the sector of scientific research, formulation and innovation at Jacques Andhrel laboratory and while possessing P.hD degree in microbiology and genetic biochemistry from U.S. New York State University has already been charged with following responsibilities:<\/p><ul><li>Director of scientific researches at Or\u00e9al , France\u2019s hygienic, cosmetics sector<\/li><li>Director of research and scientific, hygienic strategy of great Lancome great marks and Helena Rubinstein, Maybelline<\/li><li>Management of coordination of research and scientific documents with norm centers and European and Japanese standards.<\/li><li>General management of research of foodstuff of Danon group of France.<\/li><li>Scientific researcher at Institut Pasteur of France<\/li><\/ul>\t\t\t\t\t\t\t\t<\/div>\n\t\t\t\t<\/div>\n\t\t\t\t\t<\/div>\n\t\t<\/div>\n\t\t\t\t\t<\/div>\n\t\t<\/section>\n\t\t\t\t<section class=\"elementor-section elementor-top-section elementor-element elementor-element-3cc2673 elementor-section-boxed elementor-section-height-default elementor-section-height-default\" data-id=\"3cc2673\" data-element_type=\"section\">\n\t\t\t\t\t\t<div class=\"elementor-container elementor-column-gap-default\">\n\t\t\t\t\t<div class=\"elementor-column elementor-col-100 elementor-top-column elementor-element elementor-element-5d592c9\" data-id=\"5d592c9\" data-element_type=\"column\">\n\t\t\t<div class=\"elementor-widget-wrap elementor-element-populated\">\n\t\t\t\t\t\t<div class=\"elementor-element elementor-element-ddaecbb elementor-widget elementor-widget-spacer\" data-id=\"ddaecbb\" data-element_type=\"widget\" data-widget_type=\"spacer.default\">\n\t\t\t\t<div class=\"elementor-widget-container\">\n\t\t\t\t\t\t\t<div class=\"elementor-spacer\">\r\n\t\t\t<div class=\"elementor-spacer-inner\"><\/div>\r\n\t\t<\/div>\r\n\t\t\t\t\t\t<\/div>\n\t\t\t\t<\/div>\n\t\t\t\t\t<\/div>\n\t\t<\/div>\n\t\t\t\t\t<\/div>\n\t\t<\/section>\n\t\t\t\t<\/div>","protected":false},"excerpt":{"rendered":"<p>A brief history of Jacques Andhrel of Paris,Jacques Andhrel\u2019s name first received public attention in the 1960s in Chateauroux in central regions [&hellip;]<\/p>","protected":false},"author":1,"featured_media":0,"parent":0,"menu_order":0,"comment_status":"closed","ping_status":"closed","template":"","meta":{"footnotes":""},"class_list":["post-14","page","type-page","status-publish","hentry"],"jetpack_sharing_enabled":true,"_links":{"self":[{"href":"https:\/\/jacques-andhrel.com\/ar\/wp-json\/wp\/v2\/pages\/14","targetHints":{"allow":["GET"]}}],"collection":[{"href":"https:\/\/jacques-andhrel.com\/ar\/wp-json\/wp\/v2\/pages"}],"about":[{"href":"https:\/\/jacques-andhrel.com\/ar\/wp-json\/wp\/v2\/types\/page"}],"author":[{"embeddable":true,"href":"https:\/\/jacques-andhrel.com\/ar\/wp-json\/wp\/v2\/users\/1"}],"replies":[{"embeddable":true,"href":"https:\/\/jacques-andhrel.com\/ar\/wp-json\/wp\/v2\/comments?post=14"}],"version-history":[{"count":0,"href":"https:\/\/jacques-andhrel.com\/ar\/wp-json\/wp\/v2\/pages\/14\/revisions"}],"wp:attachment":[{"href":"https:\/\/jacques-andhrel.com\/ar\/wp-json\/wp\/v2\/media?parent=14"}],"curies":[{"name":"wp","href":"https:\/\/api.w.org\/{rel}","templated":true}]}}